{"id":186,"date":"2024-01-23T09:14:18","date_gmt":"2024-01-23T09:14:18","guid":{"rendered":"https:\/\/above.co.mz\/?page_id=186"},"modified":"2026-04-02T11:34:09","modified_gmt":"2026-04-02T11:34:09","slug":"home","status":"publish","type":"page","link":"https:\/\/above.co.mz\/academy\/","title":{"rendered":"Home"},"content":{"rendered":"","protected":false},"excerpt":{"rendered":"","protected":false},"author":1,"featured_media":0,"parent":0,"menu_order":6,"comment_status":"closed","ping_status":"closed","template":"","meta":{"footnotes":""},"class_list":["post-186","page","type-page","status-publish","hentry"],"acf":[],"yoast_head":"<!-- This site is optimized with the Yoast SEO plugin v27.4 - https:\/\/yoast.com\/product\/yoast-seo-wordpress\/ -->\n<title>Above Corporate Training<\/title>\n<meta name=\"description\" content=\"Com mais de 10 anos de experi\u00eancia sosmos l\u00edderes em forma\u00e7\u00f5es profissionais e corporativas em Mo\u00e7ambique.\" \/>\n<meta name=\"robots\" content=\"noindex, follow, max-snippet:-1, max-image-preview:large, max-video-preview:-1\" \/>\n<meta property=\"og:locale\" content=\"en_GB\" \/>\n<meta property=\"og:type\" content=\"article\" \/>\n<meta property=\"og:title\" content=\"Above Corporate Training\" \/>\n<meta property=\"og:description\" content=\"Com mais de 10 anos de experi\u00eancia sosmos l\u00edderes em forma\u00e7\u00f5es profissionais e corporativas em Mo\u00e7ambique.\" \/>\n<meta property=\"og:url\" content=\"https:\/\/above.co.mz\/academy\/\" \/>\n<meta property=\"og:site_name\" content=\"Above Corporate\" \/>\n<meta property=\"article:modified_time\" content=\"2026-04-02T11:34:09+00:00\" \/>\n<meta name=\"twitter:card\" content=\"summary_large_image\" \/>\n<script type=\"application\/ld+json\" class=\"yoast-schema-graph\">{\"@context\":\"https:\\\/\\\/schema.org\",\"@graph\":[{\"@type\":\"WebPage\",\"@id\":\"https:\\\/\\\/above.co.mz\\\/academy\\\/\",\"url\":\"https:\\\/\\\/above.co.mz\\\/academy\\\/\",\"name\":\"Above Corporate Training\",\"isPartOf\":{\"@id\":\"https:\\\/\\\/above.co.mz\\\/academy\\\/#website\"},\"datePublished\":\"2024-01-23T09:14:18+00:00\",\"dateModified\":\"2026-04-02T11:34:09+00:00\",\"description\":\"Com mais de 10 anos de experi\u00eancia sosmos l\u00edderes em forma\u00e7\u00f5es profissionais e corporativas em Mo\u00e7ambique.\",\"breadcrumb\":{\"@id\":\"https:\\\/\\\/above.co.mz\\\/academy\\\/#breadcrumb\"},\"inLanguage\":\"en-GB\",\"potentialAction\":[{\"@type\":\"ReadAction\",\"target\":[\"https:\\\/\\\/above.co.mz\\\/academy\\\/\"]}]},{\"@type\":\"BreadcrumbList\",\"@id\":\"https:\\\/\\\/above.co.mz\\\/academy\\\/#breadcrumb\",\"itemListElement\":[{\"@type\":\"ListItem\",\"position\":1,\"name\":\"In\u00edcio\",\"item\":\"https:\\\/\\\/above.co.mz\\\/academy\\\/\"},{\"@type\":\"ListItem\",\"position\":2,\"name\":\"Home\"}]},{\"@type\":\"WebSite\",\"@id\":\"https:\\\/\\\/above.co.mz\\\/academy\\\/#website\",\"url\":\"https:\\\/\\\/above.co.mz\\\/academy\\\/\",\"name\":\"Above Corporate\",\"description\":\"\",\"publisher\":{\"@id\":\"https:\\\/\\\/above.co.mz\\\/academy\\\/#organization\"},\"potentialAction\":[{\"@type\":\"SearchAction\",\"target\":{\"@type\":\"EntryPoint\",\"urlTemplate\":\"https:\\\/\\\/above.co.mz\\\/academy\\\/?s={search_term_string}\"},\"query-input\":{\"@type\":\"PropertyValueSpecification\",\"valueRequired\":true,\"valueName\":\"search_term_string\"}}],\"inLanguage\":\"en-GB\"},{\"@type\":\"Organization\",\"@id\":\"https:\\\/\\\/above.co.mz\\\/academy\\\/#organization\",\"name\":\"Above Corporate\",\"url\":\"https:\\\/\\\/above.co.mz\\\/academy\\\/\",\"logo\":{\"@type\":\"ImageObject\",\"inLanguage\":\"en-GB\",\"@id\":\"https:\\\/\\\/above.co.mz\\\/academy\\\/#\\\/schema\\\/logo\\\/image\\\/\",\"url\":\"https:\\\/\\\/above.co.mz\\\/academy\\\/wp-content\\\/uploads\\\/2026\\\/03\\\/above-academy.png\",\"contentUrl\":\"https:\\\/\\\/above.co.mz\\\/academy\\\/wp-content\\\/uploads\\\/2026\\\/03\\\/above-academy.png\",\"width\":174,\"height\":44,\"caption\":\"Above Corporate\"},\"image\":{\"@id\":\"https:\\\/\\\/above.co.mz\\\/academy\\\/#\\\/schema\\\/logo\\\/image\\\/\"}}]}<\/script>\n<!-- \/ Yoast SEO plugin. -->","yoast_head_json":{"title":"Above Corporate Training","description":"Com mais de 10 anos de experi\u00eancia sosmos l\u00edderes em forma\u00e7\u00f5es profissionais e corporativas em Mo\u00e7ambique.","robots":{"index":"noindex","follow":"follow","max-snippet":"max-snippet:-1","max-image-preview":"max-image-preview:large","max-video-preview":"max-video-preview:-1"},"og_locale":"en_GB","og_type":"article","og_title":"Above Corporate Training","og_description":"Com mais de 10 anos de experi\u00eancia sosmos l\u00edderes em forma\u00e7\u00f5es profissionais e corporativas em Mo\u00e7ambique.","og_url":"https:\/\/above.co.mz\/academy\/","og_site_name":"Above Corporate","article_modified_time":"2026-04-02T11:34:09+00:00","twitter_card":"summary_large_image","schema":{"@context":"https:\/\/schema.org","@graph":[{"@type":"WebPage","@id":"https:\/\/above.co.mz\/academy\/","url":"https:\/\/above.co.mz\/academy\/","name":"Above Corporate Training","isPartOf":{"@id":"https:\/\/above.co.mz\/academy\/#website"},"datePublished":"2024-01-23T09:14:18+00:00","dateModified":"2026-04-02T11:34:09+00:00","description":"Com mais de 10 anos de experi\u00eancia sosmos l\u00edderes em forma\u00e7\u00f5es profissionais e corporativas em Mo\u00e7ambique.","breadcrumb":{"@id":"https:\/\/above.co.mz\/academy\/#breadcrumb"},"inLanguage":"en-GB","potentialAction":[{"@type":"ReadAction","target":["https:\/\/above.co.mz\/academy\/"]}]},{"@type":"BreadcrumbList","@id":"https:\/\/above.co.mz\/academy\/#breadcrumb","itemListElement":[{"@type":"ListItem","position":1,"name":"In\u00edcio","item":"https:\/\/above.co.mz\/academy\/"},{"@type":"ListItem","position":2,"name":"Home"}]},{"@type":"WebSite","@id":"https:\/\/above.co.mz\/academy\/#website","url":"https:\/\/above.co.mz\/academy\/","name":"Above Corporate","description":"","publisher":{"@id":"https:\/\/above.co.mz\/academy\/#organization"},"potentialAction":[{"@type":"SearchAction","target":{"@type":"EntryPoint","urlTemplate":"https:\/\/above.co.mz\/academy\/?s={search_term_string}"},"query-input":{"@type":"PropertyValueSpecification","valueRequired":true,"valueName":"search_term_string"}}],"inLanguage":"en-GB"},{"@type":"Organization","@id":"https:\/\/above.co.mz\/academy\/#organization","name":"Above Corporate","url":"https:\/\/above.co.mz\/academy\/","logo":{"@type":"ImageObject","inLanguage":"en-GB","@id":"https:\/\/above.co.mz\/academy\/#\/schema\/logo\/image\/","url":"https:\/\/above.co.mz\/academy\/wp-content\/uploads\/2026\/03\/above-academy.png","contentUrl":"https:\/\/above.co.mz\/academy\/wp-content\/uploads\/2026\/03\/above-academy.png","width":174,"height":44,"caption":"Above Corporate"},"image":{"@id":"https:\/\/above.co.mz\/academy\/#\/schema\/logo\/image\/"}}]}},"_links":{"self":[{"href":"https:\/\/above.co.mz\/academy\/wp-json\/wp\/v2\/pages\/186","targetHints":{"allow":["GET"]}}],"collection":[{"href":"https:\/\/above.co.mz\/academy\/wp-json\/wp\/v2\/pages"}],"about":[{"href":"https:\/\/above.co.mz\/academy\/wp-json\/wp\/v2\/types\/page"}],"author":[{"embeddable":true,"href":"https:\/\/above.co.mz\/academy\/wp-json\/wp\/v2\/users\/1"}],"replies":[{"embeddable":true,"href":"https:\/\/above.co.mz\/academy\/wp-json\/wp\/v2\/comments?post=186"}],"version-history":[{"count":235,"href":"https:\/\/above.co.mz\/academy\/wp-json\/wp\/v2\/pages\/186\/revisions"}],"predecessor-version":[{"id":1864,"href":"https:\/\/above.co.mz\/academy\/wp-json\/wp\/v2\/pages\/186\/revisions\/1864"}],"wp:attachment":[{"href":"https:\/\/above.co.mz\/academy\/wp-json\/wp\/v2\/media?parent=186"}],"curies":[{"name":"wp","href":"https:\/\/api.w.org\/{rel}","templated":true}]}}