{"id":207,"date":"2026-02-23T07:27:43","date_gmt":"2026-02-23T07:27:43","guid":{"rendered":"https:\/\/dddemo.net\/wordpress\/2026\/above_workforce\/?page_id=207"},"modified":"2026-03-05T09:40:16","modified_gmt":"2026-03-05T09:40:16","slug":"gestao-de-salarios-e-beneficios","status":"publish","type":"page","link":"https:\/\/above.co.mz\/workforce\/servicos\/gestao-de-salarios-e-beneficios\/","title":{"rendered":"Gest\u00e3o de Sal\u00e1rios e Benef\u00edcios"},"content":{"rendered":"","protected":false},"excerpt":{"rendered":"","protected":false},"author":1,"featured_media":0,"parent":162,"menu_order":0,"comment_status":"closed","ping_status":"closed","template":"","meta":{"_acf_changed":false,"footnotes":""},"class_list":["post-207","page","type-page","status-publish","hentry"],"acf":[],"_links":{"self":[{"href":"https:\/\/above.co.mz\/workforce\/wp-json\/wp\/v2\/pages\/207","targetHints":{"allow":["GET"]}}],"collection":[{"href":"https:\/\/above.co.mz\/workforce\/wp-json\/wp\/v2\/pages"}],"about":[{"href":"https:\/\/above.co.mz\/workforce\/wp-json\/wp\/v2\/types\/page"}],"author":[{"embeddable":true,"href":"https:\/\/above.co.mz\/workforce\/wp-json\/wp\/v2\/users\/1"}],"replies":[{"embeddable":true,"href":"https:\/\/above.co.mz\/workforce\/wp-json\/wp\/v2\/comments?post=207"}],"version-history":[{"count":7,"href":"https:\/\/above.co.mz\/workforce\/wp-json\/wp\/v2\/pages\/207\/revisions"}],"predecessor-version":[{"id":613,"href":"https:\/\/above.co.mz\/workforce\/wp-json\/wp\/v2\/pages\/207\/revisions\/613"}],"up":[{"embeddable":true,"href":"https:\/\/above.co.mz\/workforce\/wp-json\/wp\/v2\/pages\/162"}],"wp:attachment":[{"href":"https:\/\/above.co.mz\/workforce\/wp-json\/wp\/v2\/media?parent=207"}],"curies":[{"name":"wp","href":"https:\/\/api.w.org\/{rel}","templated":true}]}}